{"id":993,"date":"2026-01-08T17:27:17","date_gmt":"2026-01-08T16:27:17","guid":{"rendered":"https:\/\/me2026.sam78.cz\/?page_id=993"},"modified":"2026-01-08T17:27:58","modified_gmt":"2026-01-08T16:27:58","slug":"modely","status":"publish","type":"page","link":"https:\/\/me2026.sam78.cz\/en\/modely\/","title":{"rendered":"Registered models"},"content":{"rendered":"<div class=\"soutez-modely-wrapper\">\n    <form method=\"get\" class=\"soutez-filters\" style=\"margin-bottom: 20px;\" action=\"\">\n        \n        <div class=\"row\">\n            <div class=\"col-sm-3\">\n                <label>Category:<\/label>\n                <select name=\"category_filter\" class=\"form-control input-sm\">\n                    <option value=\"\">-- All categories --<\/option>\n                                            <option value=\"\u00bdA TEXACO\" >\n                            \u00bdA TEXACO                        <\/option>\n                                            <option value=\"A OTMR\" >\n                            A OTMR                        <\/option>\n                                            <option value=\"A2 NORDIC PM\" >\n                            A2 NORDIC PM                        <\/option>\n                                            <option value=\"ALOT\" >\n                            ALOT                        <\/option>\n                                            <option value=\"B OTMR\" >\n                            B OTMR                        <\/option>\n                                            <option value=\"C OTMR\" >\n                            C OTMR                        <\/option>\n                                            <option value=\"Electric Glider\" >\n                            Electric Glider                        <\/option>\n                                            <option value=\"Electrorubber\" >\n                            Electrorubber                        <\/option>\n                                            <option value=\"ELOT\" >\n                            ELOT                        <\/option>\n                                            <option value=\"NMR\" >\n                            NMR                        <\/option>\n                                            <option value=\"NMR 2.5\" >\n                            NMR 2.5                        <\/option>\n                                            <option value=\"Old Timer 400\" >\n                            Old Timer 400                        <\/option>\n                                            <option value=\"OTVR\" >\n                            OTVR                        <\/option>\n                                            <option value=\"TEXACO\" >\n                            TEXACO                        <\/option>\n                                    <\/select>\n            <\/div>\n\n            <div class=\"col-sm-3\">\n                <label>Country:<\/label>\n                <select name=\"country_filter\" class=\"form-control input-sm\">\n                    <option value=\"\">-- All countries --<\/option>\n                                            <option value=\"\u010cesk\u00e1 republika\" >\n                            Czech Republic                        <\/option>\n                                            <option value=\"Ma\u010farsko\" >\n                            Ma\u010farsko                        <\/option>\n                                            <option value=\"Irsko\" >\n                            Irsko                        <\/option>\n                                            <option value=\"It\u00e1lie\" >\n                            Italy                        <\/option>\n                                            <option value=\"Polsko\" >\n                            Polsko                        <\/option>\n                                            <option value=\"Slovensko\" >\n                            Slovensko                        <\/option>\n                                            <option value=\"Spojen\u00e9 st\u00e1ty americk\u00e9\" >\n                            Spojen\u00e9 st\u00e1ty americk\u00e9                        <\/option>\n                                    <\/select>\n            <\/div>\n\n            <div class=\"col-sm-4\">\n                <label>Search:<\/label>\n                <input type=\"text\" name=\"search_modely\" class=\"form-control input-sm\"\n                       placeholder=\"Name, constructor, first name, last name...\"\n                       value=\"\">\n            <\/div>\n\n            <div class=\"col-sm-2\">\n                <label>&nbsp;<\/label>\n                <button type=\"submit\" class=\"btn btn-primary btn-sm btn-block\">Filter<\/button>\n            <\/div>\n        <\/div>\n    <input type=\"hidden\" name=\"trp-form-language\" value=\"en\"\/><\/form>\n\n    <div class=\"soutez-summary text-right\" style=\"margin-bottom: 10px;\">\n        <strong>Number of records: 78<\/strong>\n    <\/div>\n\n    <div class=\"table-responsive\">\n        <table class=\"table table-striped table-bordered table-hover soutez-table\">\n            <thead>\n                <tr>\n                    <th style=\"width: 50px;\">Start No.<\/th>\n                    <th>Categories<\/th>\n                    <th>Model Name<\/th>\n                    <th>Constructor<\/th>\n                    <th style=\"width: 80px;\">Year<\/th>\n                    <th>First Name<\/th>\n                    <th>Last Name<\/th>\n                    <th style=\"width: 150px;\">Country<\/th>\n                <\/tr>\n            <\/thead>\n            <tbody>\n                                                        <tr>\n                        <td class=\"text-center\"><strong>87<\/strong><\/td>\n                        <td>\u00bdA TEXACO<\/td>\n                        <td><strong>Foote Westerner A<\/strong><\/td>\n                        <td>Don Foote<\/td>\n                        <td>1940<\/td>\n                        <td>Thomas<\/td>\n                        <td>Ryan<\/td>\n                        <td>Irsko<\/td>\n                    <\/tr>\n                                        <tr>\n                        <td class=\"text-center\"><strong>20<\/strong><\/td>\n                        <td>\u00bdA TEXACO<\/td>\n                        <td><strong>Pelik\u00e1n<\/strong><\/td>\n                        <td>Gy\u00f6rgyfalvy Dezs\u0151<\/td>\n                        <td>1950<\/td>\n                        <td>Norbert<\/td>\n                        <td>Farkas<\/td>\n                        <td>Ma\u010farsko<\/td>\n                    <\/tr>\n                                        <tr>\n                        <td class=\"text-center\"><strong>49<\/strong><\/td>\n                        <td>A OTMR<\/td>\n                        <td><strong>Kerswap<\/strong><\/td>\n                        <td>Gilbert Morris<\/td>\n                        <td>1941<\/td>\n                        <td>Pavel<\/td>\n                        <td>B\u00e1rta<\/td>\n                        <td>Czech Republic<\/td>\n                    <\/tr>\n                                        <tr>\n                        <td class=\"text-center\"><strong>2<\/strong><\/td>\n                        <td>A2 NORDIC PM<\/td>\n                        <td><strong>Donald 2<\/strong><\/td>\n                        <td>Richard Metz<\/td>\n                        <td>1960<\/td>\n                        <td>Pavel<\/td>\n                        <td>Skotnica<\/td>\n                        <td>Czech Republic<\/td>\n                    <\/tr>\n                                        <tr>\n                        <td class=\"text-center\"><strong>61<\/strong><\/td>\n                        <td>A2 NORDIC PM<\/td>\n                        <td><strong>DUHA<\/strong><\/td>\n                        <td>Vladimir Spulak<\/td>\n                        <td>1956<\/td>\n                        <td>Jiri<\/td>\n                        <td>Schieferdecker<\/td>\n                        <td>Czech Republic<\/td>\n                    <\/tr>\n                                        <tr>\n                        <td class=\"text-center\"><strong>7<\/strong><\/td>\n                        <td>A2 NORDIC PM<\/td>\n                        <td><strong>EXPE<\/strong><\/td>\n                        <td>Radoslav \u010c\u00ed\u017eek<\/td>\n                        <td>1954<\/td>\n                        <td>Mari\u00e1n<\/td>\n                        <td>Ihring<\/td>\n                        <td>Slovensko<\/td>\n                    <\/tr>\n                                        <tr>\n                        <td class=\"text-center\"><strong>48<\/strong><\/td>\n                        <td>A2 NORDIC PM<\/td>\n                        <td><strong>EXPE<\/strong><\/td>\n                        <td>Ciseck<\/td>\n                        <td>1952<\/td>\n                        <td>Rover<\/td>\n                        <td>Mersecchi<\/td>\n                        <td>Italy<\/td>\n                    <\/tr>\n                                        <tr>\n                        <td class=\"text-center\"><strong>52<\/strong><\/td>\n                        <td>A2 NORDIC PM<\/td>\n                        <td><strong>EXPE<\/strong><\/td>\n                        <td>RADOSLAO CISEK<\/td>\n                        <td>1952<\/td>\n                        <td>Domenico<\/td>\n                        <td>Spadaro<\/td>\n                        <td>Italy<\/td>\n                    <\/tr>\n                                        <tr>\n                        <td class=\"text-center\"><strong>16<\/strong><\/td>\n                        <td>A2 NORDIC PM<\/td>\n                        <td><strong>IKARUS IV<\/strong><\/td>\n                        <td>R\u0151ser Ott\u00f3<\/td>\n                        <td>1957<\/td>\n                        <td>G\u00e1bor<\/td>\n                        <td>Ruppert<\/td>\n                        <td>Ma\u010farsko<\/td>\n                    <\/tr>\n                                        <tr>\n                        <td class=\"text-center\"><strong>61<\/strong><\/td>\n                        <td>A2 NORDIC PM<\/td>\n                        <td><strong>NIKE<\/strong><\/td>\n                        <td>Guiduici Gui<\/td>\n                        <td>1957<\/td>\n                        <td>Jiri<\/td>\n                        <td>Schieferdecker<\/td>\n                        <td>Czech Republic<\/td>\n                    <\/tr>\n                                        <tr>\n                        <td class=\"text-center\"><strong>66<\/strong><\/td>\n                        <td>A2 NORDIC PM<\/td>\n                        <td><strong>V\u00e1\u017eka<\/strong><\/td>\n                        <td>Vladim\u00edr \u0160pul\u00e1k<\/td>\n                        <td>1953<\/td>\n                        <td>V\u00e1clav<\/td>\n                        <td>Kalhous<\/td>\n                        <td>Czech Republic<\/td>\n                    <\/tr>\n                                        <tr>\n                        <td class=\"text-center\"><strong>52<\/strong><\/td>\n                        <td>ALOT<\/td>\n                        <td><strong>AIRBORN<\/strong><\/td>\n                        <td>CHESTER LANZO<\/td>\n                        <td>1938<\/td>\n                        <td>Domenico<\/td>\n                        <td>Spadaro<\/td>\n                        <td>Italy<\/td>\n                    <\/tr>\n                                        <tr>\n                        <td class=\"text-center\"><strong>33<\/strong><\/td>\n                        <td>ALOT<\/td>\n                        <td><strong>EROS<\/strong><\/td>\n                        <td>B.Sokol\u00ed\u010dek<\/td>\n                        <td>1950<\/td>\n                        <td>Libor<\/td>\n                        <td>Kristian<\/td>\n                        <td>Czech Republic<\/td>\n                    <\/tr>\n                                        <tr>\n                        <td class=\"text-center\"><strong>2<\/strong><\/td>\n                        <td>ALOT<\/td>\n                        <td><strong>Eros Sokol-501-D<\/strong><\/td>\n                        <td>Bronislav Sokol\u00ed\u010dek<\/td>\n                        <td>1950<\/td>\n                        <td>Pavel<\/td>\n                        <td>Skotnica<\/td>\n                        <td>Czech Republic<\/td>\n                    <\/tr>\n                                        <tr>\n                        <td class=\"text-center\"><strong>15<\/strong><\/td>\n                        <td>ALOT<\/td>\n                        <td><strong>KL 61 3m<\/strong><\/td>\n                        <td>Kanneworff L.<\/td>\n                        <td>1949<\/td>\n                        <td>Dalibor<\/td>\n                        <td>\u0160pa\u010dek<\/td>\n                        <td>Czech Republic<\/td>\n                    <\/tr>\n                                        <tr>\n                        <td class=\"text-center\"><strong>33<\/strong><\/td>\n                        <td>ALOT<\/td>\n                        <td><strong>KL61-3M<\/strong><\/td>\n                        <td>L.Kanneworff<\/td>\n                        <td>1949<\/td>\n                        <td>Libor<\/td>\n                        <td>Kristian<\/td>\n                        <td>Czech Republic<\/td>\n                    <\/tr>\n                                        <tr>\n                        <td class=\"text-center\"><strong>102<\/strong><\/td>\n                        <td>ALOT<\/td>\n                        <td><strong>Old Square Sides<\/strong><\/td>\n                        <td>Johg Spraque<\/td>\n                        <td>1940<\/td>\n                        <td>Kamil<\/td>\n                        <td>Hor\u00e1\u010dek<\/td>\n                        <td>Slovensko<\/td>\n                    <\/tr>\n                                        <tr>\n                        <td class=\"text-center\"><strong>32<\/strong><\/td>\n                        <td>ALOT<\/td>\n                        <td><strong>Pelik\u00e1n<\/strong><\/td>\n                        <td>Gy\u00f6rgyfalvi Dezs\u0151<\/td>\n                        <td>1950<\/td>\n                        <td>L\u00e1szl\u00f3<\/td>\n                        <td>Knapp<\/td>\n                        <td>Ma\u010farsko<\/td>\n                    <\/tr>\n                                        <tr>\n                        <td class=\"text-center\"><strong>41<\/strong><\/td>\n                        <td>ALOT<\/td>\n                        <td><strong>Pelik\u00e1n 2.4<\/strong><\/td>\n                        <td>Gy\u00f6rgyfalvy Dezs\u0151<\/td>\n                        <td>1950<\/td>\n                        <td>Roland \u00c1d\u00e1m<\/td>\n                        <td>Szab\u00f3-Czuczi<\/td>\n                        <td>Ma\u010farsko<\/td>\n                    <\/tr>\n                                        <tr>\n                        <td class=\"text-center\"><strong>16<\/strong><\/td>\n                        <td>ALOT<\/td>\n                        <td><strong>Playboy Senior<\/strong><\/td>\n                        <td>Joe Elgin<\/td>\n                        <td>1939<\/td>\n                        <td>G\u00e1bor<\/td>\n                        <td>Ruppert<\/td>\n                        <td>Ma\u010farsko<\/td>\n                    <\/tr>\n                                                <\/tbody>\n        <\/table>\n    <\/div>\n\n        <nav aria-label=\"Pagination\" class=\"text-center\">\n        <ul class=\"pagination\">\n            \n                                            <li class=\"active\"><a href=\"#\">1<\/a><\/li>\n                                                            <li><a href=\"\/en\/wp-json\/wp\/v2\/pages\/993?paged_modely=2\">2<\/a><\/li>\n                                                            <li><a href=\"\/en\/wp-json\/wp\/v2\/pages\/993?paged_modely=3\">3<\/a><\/li>\n                                                            <li><a href=\"\/en\/wp-json\/wp\/v2\/pages\/993?paged_modely=4\">4<\/a><\/li>\n                            \n                        <li>\n                <a href=\"\/en\/wp-json\/wp\/v2\/pages\/993?paged_modely=2\" aria-label=\"Next\">\n                    <span aria-hidden=\"true\">&raquo;<\/span>\n                <\/a>\n            <\/li>\n                    <\/ul>\n    <\/nav>\n    <\/div>","protected":false},"excerpt":{"rendered":"Category: -- All categories -- \u00bdA TEXACO A OTMR A2 NORDIC PM ALOT B OTMR C OTMR Electric Glider Electrorubber ELOT NMR NMR 2.5 Old Timer 400 OTVR TEXACO Country: -- All countries -- \u010cesk\u00e1 republika Ma\u010farsko Irsko It\u00e1lie Polsko Slovensko Spojen\u00e9 st\u00e1ty americk\u00e9 Search: &nbsp; Filter Number of records: 78 Start No. Categories Model [...]","protected":false},"author":1,"featured_media":0,"parent":0,"menu_order":0,"comment_status":"closed","ping_status":"closed","template":"page-nosidebar.php","meta":{"footnotes":""},"class_list":["post-993","page","type-page","status-publish","hentry"],"_links":{"self":[{"href":"https:\/\/me2026.sam78.cz\/en\/wp-json\/wp\/v2\/pages\/993","targetHints":{"allow":["GET"]}}],"collection":[{"href":"https:\/\/me2026.sam78.cz\/en\/wp-json\/wp\/v2\/pages"}],"about":[{"href":"https:\/\/me2026.sam78.cz\/en\/wp-json\/wp\/v2\/types\/page"}],"author":[{"embeddable":true,"href":"https:\/\/me2026.sam78.cz\/en\/wp-json\/wp\/v2\/users\/1"}],"replies":[{"embeddable":true,"href":"https:\/\/me2026.sam78.cz\/en\/wp-json\/wp\/v2\/comments?post=993"}],"version-history":[{"count":1,"href":"https:\/\/me2026.sam78.cz\/en\/wp-json\/wp\/v2\/pages\/993\/revisions"}],"predecessor-version":[{"id":994,"href":"https:\/\/me2026.sam78.cz\/en\/wp-json\/wp\/v2\/pages\/993\/revisions\/994"}],"wp:attachment":[{"href":"https:\/\/me2026.sam78.cz\/en\/wp-json\/wp\/v2\/media?parent=993"}],"curies":[{"name":"wp","href":"https:\/\/api.w.org\/{rel}","templated":true}]}}