{"id":1218,"date":"2026-04-01T08:48:29","date_gmt":"2026-04-01T07:48:29","guid":{"rendered":"https:\/\/me2026.sam78.cz\/?page_id=1218"},"modified":"2026-04-01T08:50:05","modified_gmt":"2026-04-01T07:50:05","slug":"organizatorske-forum","status":"publish","type":"page","link":"https:\/\/me2026.sam78.cz\/en\/organizatorske-forum\/","title":{"rendered":"Organiz\u00e1torsk\u00e9 f\u00f3rum"},"content":{"rendered":"<div id=\"af-wrapper\"><div id=\"forum-header\"><div id=\"forum-navigation-mobile\"><a><span class=\"fas fa-bars\"><\/span>Menu<\/a><\/div><span class=\"screen-reader-text\">Forum Navigation<\/span><div id=\"forum-navigation\"><a class=\"home-link\" href=\"https:\/\/me2026.sam78.cz\/en\/forum\" target=\"_self\">Forum<\/a><a class=\"activity-link\" href=\"https:\/\/me2026.sam78.cz\/en\/forum\/activity\/\" target=\"_self\">Activity<\/a><a class=\"login-link\" href=\"https:\/\/me2026.sam78.cz\/en\/prihlaseni\/?redirect_to=https%3A%2F%2Fme2026.sam78.cz%2Fen%2Fwp-json%2Fwp%2Fv2%2Fpages%2F1218\" target=\"_self\">Login<\/a><a class=\"register-link\" href=\"https:\/\/me2026.sam78.cz\/en\/registrace\/\" target=\"_self\">REGISTER<\/a><\/div><div id=\"forum-search\"><span class=\"search-icon fas fa-search\"><\/span><form method=\"get\" action=\"https:\/\/me2026.sam78.cz\/en\/forum\/search\/\" data-trp-original-action=\"https:\/\/me2026.sam78.cz\/en\/forum\/search\/\"><input name=\"keywords\" type=\"search\" placeholder=\"Search ...\" value=\"\"><input type=\"hidden\" name=\"trp-form-language\" value=\"en\"\/><\/form><\/div><div class=\"clear\"><\/div><\/div><div id=\"forum-breadcrumbs\" itemscope itemtype=\"http:\/\/schema.org\/BreadcrumbList\"><span class=\"screen-reader-text\">Forum breadcrumbs - You are here:<\/span><span class=\"breadcrumb-icon fas fa-home\"><\/span><span itemprop=\"itemListElement\" itemscope itemtype=\"https:\/\/schema.org\/ListItem\"><a itemprop=\"item\" href=\"https:\/\/me2026.sam78.cz\/en\/forum\" title=\"Organiz\u00e1torsk\u00e9 f\u00f3rum\"><span itemprop=\"name\">Organiz\u00e1torsk\u00e9 f\u00f3rum<\/span><\/a><meta itemprop=\"position\" content=\"1\"><\/span><span class=\"breadcrumb-icon fas fa-chevron-right separator\"><\/span><\/div><h1 class=\"main-title main-title-\">Organiz\u00e1torsk\u00e9 f\u00f3rum<\/h1><div class=\"notice\">There are no categories yet!<\/div><div id=\"bottom-navigation\"><\/div><div class=\"clear\"><\/div><\/div>\n\n\n\n<p><\/p>","protected":false},"excerpt":{"rendered":"MenuForum NavigationForumActivityLoginRegisterForum breadcrumbs - You are here:Organiz\u00e1torsk\u00e9 f\u00f3rumOrganiz\u00e1torsk\u00e9 f\u00f3rumOrganiz\u00e1torsk\u00e9 f\u00f3rumThere are no categories yet!","protected":false},"author":1,"featured_media":0,"parent":0,"menu_order":0,"comment_status":"closed","ping_status":"closed","template":"page-nosidebar.php","meta":{"footnotes":""},"class_list":["post-1218","page","type-page","status-publish","hentry"],"_links":{"self":[{"href":"https:\/\/me2026.sam78.cz\/en\/wp-json\/wp\/v2\/pages\/1218","targetHints":{"allow":["GET"]}}],"collection":[{"href":"https:\/\/me2026.sam78.cz\/en\/wp-json\/wp\/v2\/pages"}],"about":[{"href":"https:\/\/me2026.sam78.cz\/en\/wp-json\/wp\/v2\/types\/page"}],"author":[{"embeddable":true,"href":"https:\/\/me2026.sam78.cz\/en\/wp-json\/wp\/v2\/users\/1"}],"replies":[{"embeddable":true,"href":"https:\/\/me2026.sam78.cz\/en\/wp-json\/wp\/v2\/comments?post=1218"}],"version-history":[{"count":3,"href":"https:\/\/me2026.sam78.cz\/en\/wp-json\/wp\/v2\/pages\/1218\/revisions"}],"predecessor-version":[{"id":1222,"href":"https:\/\/me2026.sam78.cz\/en\/wp-json\/wp\/v2\/pages\/1218\/revisions\/1222"}],"wp:attachment":[{"href":"https:\/\/me2026.sam78.cz\/en\/wp-json\/wp\/v2\/media?parent=1218"}],"curies":[{"name":"wp","href":"https:\/\/api.w.org\/{rel}","templated":true}]}}