{"id":1156,"date":"2026-01-31T16:50:23","date_gmt":"2026-01-31T15:50:23","guid":{"rendered":"https:\/\/me2026.sam78.cz\/?page_id=1156"},"modified":"2026-01-31T16:50:25","modified_gmt":"2026-01-31T15:50:25","slug":"seznam-registraci","status":"publish","type":"page","link":"https:\/\/me2026.sam78.cz\/en\/seznam-registraci\/","title":{"rendered":"Registration list"},"content":{"rendered":"<div class=\"soutez-registrace-wrapper\">\n    <form method=\"get\" class=\"soutez-filters\" style=\"margin-bottom: 20px;\" action=\"\">\n        \n        <div class=\"row\">\n            <div class=\"col-sm-4\">\n                <label>Country:<\/label>\n                <select name=\"country_filter_r\" class=\"form-control input-sm\">\n                    <option value=\"\">-- All countries --<\/option>\n                                            <option value=\"Belgie\" >\n                            Belgie                        <\/option>\n                                            <option value=\"\u010cesk\u00e1 republika\" >\n                            Czech Republic                        <\/option>\n                                            <option value=\"N\u011bmecko\" >\n                            N\u011bmecko                        <\/option>\n                                            <option value=\"\u0160pan\u011blsko\" >\n                            \u0160pan\u011blsko                        <\/option>\n                                            <option value=\"Francie\" >\n                            Francie                        <\/option>\n                                            <option value=\"Ma\u010farsko\" >\n                            Ma\u010farsko                        <\/option>\n                                            <option value=\"Irsko\" >\n                            Irsko                        <\/option>\n                                            <option value=\"It\u00e1lie\" >\n                            Italy                        <\/option>\n                                            <option value=\"Polsko\" >\n                            Polsko                        <\/option>\n                                            <option value=\"Rumunsko\" >\n                            Rumunsko                        <\/option>\n                                            <option value=\"Slovensko\" >\n                            Slovensko                        <\/option>\n                                            <option value=\"Spojen\u00e9 st\u00e1ty americk\u00e9\" >\n                            Spojen\u00e9 st\u00e1ty americk\u00e9                        <\/option>\n                                    <\/select>\n            <\/div>\n\n            <div class=\"col-sm-6\">\n                <label>Search:<\/label>\n                <input type=\"text\" name=\"search_registrace\" class=\"form-control input-sm\"\n                       placeholder=\"First name, last name...\"\n                       value=\"\">\n            <\/div>\n\n            <div class=\"col-sm-2\">\n                <label>&nbsp;<\/label>\n                <button type=\"submit\" class=\"btn btn-primary btn-sm btn-block\">Filter<\/button>\n            <\/div>\n        <\/div>\n    <input type=\"hidden\" name=\"trp-form-language\" value=\"en\"\/><\/form>\n\n    <div class=\"soutez-summary text-right\" style=\"margin-bottom: 10px;\">\n        <strong>Number of registrations: 104<\/strong>\n    <\/div>\n\n    <div class=\"table-responsive\">\n        <table class=\"table table-striped table-bordered table-hover soutez-table\">\n            <thead>\n                <tr>\n                    <th style=\"width: 60px;\">Start No.<\/th>\n                    <th>First Name<\/th>\n                    <th>Last Name<\/th>\n                    <th style=\"width: 150px;\">Country<\/th>\n                    <th style=\"width: 120px;\">Registration Date<\/th>\n                    <th style=\"width: 80px;\">Number of Models<\/th>\n                                        <th style=\"width: 80px;\">Paid<\/th>\n                                    <\/tr>\n            <\/thead>\n            <tbody>\n                                                        <tr>\n                        <td class=\"text-center\"><strong>105<\/strong><\/td>\n                        <td>Giuseppe<\/td>\n                        <td><strong>Figliolia<\/strong><\/td>\n                        <td>Italy<\/td>\n                        <td class=\"text-center\">31.3.2026<\/td>\n                        <td class=\"text-center\">0<\/td>\n                                                <td class=\"text-center\">\n                                                            <span style=\"color: green; font-weight: bold;\">YES<\/span>\n                                                    <\/td>\n                                            <\/tr>\n                                        <tr>\n                        <td class=\"text-center\"><strong>104<\/strong><\/td>\n                        <td>Francesco<\/td>\n                        <td><strong>Posa<\/strong><\/td>\n                        <td>Italy<\/td>\n                        <td class=\"text-center\">31.3.2026<\/td>\n                        <td class=\"text-center\">0<\/td>\n                                                <td class=\"text-center\">\n                                                            <span style=\"color: green; font-weight: bold;\">YES<\/span>\n                                                    <\/td>\n                                            <\/tr>\n                                        <tr>\n                        <td class=\"text-center\"><strong>103<\/strong><\/td>\n                        <td>L\u00e1szl\u00f3<\/td>\n                        <td><strong>N\u00e9meth<\/strong><\/td>\n                        <td>Ma\u010farsko<\/td>\n                        <td class=\"text-center\">31.3.2026<\/td>\n                        <td class=\"text-center\">0<\/td>\n                                                <td class=\"text-center\">\n                                                            <span style=\"color: green; font-weight: bold;\">YES<\/span>\n                                                    <\/td>\n                                            <\/tr>\n                                        <tr>\n                        <td class=\"text-center\"><strong>102<\/strong><\/td>\n                        <td>Kamil<\/td>\n                        <td><strong>Hor\u00e1\u010dek<\/strong><\/td>\n                        <td>Slovensko<\/td>\n                        <td class=\"text-center\">31.3.2026<\/td>\n                        <td class=\"text-center\">4<\/td>\n                                                <td class=\"text-center\">\n                                                            <span style=\"color: green; font-weight: bold;\">YES<\/span>\n                                                    <\/td>\n                                            <\/tr>\n                                        <tr>\n                        <td class=\"text-center\"><strong>101<\/strong><\/td>\n                        <td>Zoltan<\/td>\n                        <td><strong>Wadovich<\/strong><\/td>\n                        <td>Ma\u010farsko<\/td>\n                        <td class=\"text-center\">31.3.2026<\/td>\n                        <td class=\"text-center\">0<\/td>\n                                                <td class=\"text-center\">\n                                                            <span style=\"color: green; font-weight: bold;\">YES<\/span>\n                                                    <\/td>\n                                            <\/tr>\n                                        <tr>\n                        <td class=\"text-center\"><strong>100<\/strong><\/td>\n                        <td>Franti\u0161ek<\/td>\n                        <td><strong>Bro\u017e<\/strong><\/td>\n                        <td>Czech Republic<\/td>\n                        <td class=\"text-center\">31.3.2026<\/td>\n                        <td class=\"text-center\">0<\/td>\n                                                <td class=\"text-center\">\n                                                            <span style=\"color: green; font-weight: bold;\">YES<\/span>\n                                                    <\/td>\n                                            <\/tr>\n                                        <tr>\n                        <td class=\"text-center\"><strong>99<\/strong><\/td>\n                        <td>Miroslav<\/td>\n                        <td><strong>Oravec<\/strong><\/td>\n                        <td>Slovensko<\/td>\n                        <td class=\"text-center\">31.3.2026<\/td>\n                        <td class=\"text-center\">0<\/td>\n                                                <td class=\"text-center\">\n                                                            <span style=\"color: green; font-weight: bold;\">YES<\/span>\n                                                    <\/td>\n                                            <\/tr>\n                                        <tr>\n                        <td class=\"text-center\"><strong>98<\/strong><\/td>\n                        <td>Ji\u0159\u00ed<\/td>\n                        <td><strong>Hv\u011bzda<\/strong><\/td>\n                        <td>Czech Republic<\/td>\n                        <td class=\"text-center\">31.3.2026<\/td>\n                        <td class=\"text-center\">0<\/td>\n                                                <td class=\"text-center\">\n                                                            <span style=\"color: green; font-weight: bold;\">YES<\/span>\n                                                    <\/td>\n                                            <\/tr>\n                                        <tr>\n                        <td class=\"text-center\"><strong>97<\/strong><\/td>\n                        <td>Mirek<\/td>\n                        <td><strong>\u010c\u00edp<\/strong><\/td>\n                        <td>Czech Republic<\/td>\n                        <td class=\"text-center\">31.3.2026<\/td>\n                        <td class=\"text-center\">0<\/td>\n                                                <td class=\"text-center\">\n                                                            <span style=\"color: green; font-weight: bold;\">YES<\/span>\n                                                    <\/td>\n                                            <\/tr>\n                                        <tr>\n                        <td class=\"text-center\"><strong>96<\/strong><\/td>\n                        <td>Peter<\/td>\n                        <td><strong>Kotry<\/strong><\/td>\n                        <td>Slovensko<\/td>\n                        <td class=\"text-center\">30.3.2026<\/td>\n                        <td class=\"text-center\">1<\/td>\n                                                <td class=\"text-center\">\n                                                            <span style=\"color: green; font-weight: bold;\">YES<\/span>\n                                                    <\/td>\n                                            <\/tr>\n                                        <tr>\n                        <td class=\"text-center\"><strong>95<\/strong><\/td>\n                        <td>Franti\u0161ek<\/td>\n                        <td><strong>\u010cern\u00fd<\/strong><\/td>\n                        <td>Czech Republic<\/td>\n                        <td class=\"text-center\">30.3.2026<\/td>\n                        <td class=\"text-center\">0<\/td>\n                                                <td class=\"text-center\">\n                                                            <span style=\"color: green; font-weight: bold;\">YES<\/span>\n                                                    <\/td>\n                                            <\/tr>\n                                        <tr>\n                        <td class=\"text-center\"><strong>94<\/strong><\/td>\n                        <td>Ludovit<\/td>\n                        <td><strong>Pec<\/strong><\/td>\n                        <td>Slovensko<\/td>\n                        <td class=\"text-center\">30.3.2026<\/td>\n                        <td class=\"text-center\">0<\/td>\n                                                <td class=\"text-center\">\n                                                            <span style=\"color: green; font-weight: bold;\">YES<\/span>\n                                                    <\/td>\n                                            <\/tr>\n                                        <tr>\n                        <td class=\"text-center\"><strong>93<\/strong><\/td>\n                        <td>Leszek<\/td>\n                        <td><strong>K\u0142os<\/strong><\/td>\n                        <td>Polsko<\/td>\n                        <td class=\"text-center\">30.3.2026<\/td>\n                        <td class=\"text-center\">0<\/td>\n                                                <td class=\"text-center\">\n                                                            <span style=\"color: green; font-weight: bold;\">YES<\/span>\n                                                    <\/td>\n                                            <\/tr>\n                                        <tr>\n                        <td class=\"text-center\"><strong>92<\/strong><\/td>\n                        <td>Jan<\/td>\n                        <td><strong>Zawistowski<\/strong><\/td>\n                        <td>Polsko<\/td>\n                        <td class=\"text-center\">30.3.2026<\/td>\n                        <td class=\"text-center\">0<\/td>\n                                                <td class=\"text-center\">\n                                                            <span style=\"color: green; font-weight: bold;\">YES<\/span>\n                                                    <\/td>\n                                            <\/tr>\n                                        <tr>\n                        <td class=\"text-center\"><strong>91<\/strong><\/td>\n                        <td>Stanis\u0142aw<\/td>\n                        <td><strong>Ga\u0142ka<\/strong><\/td>\n                        <td>Polsko<\/td>\n                        <td class=\"text-center\">30.3.2026<\/td>\n                        <td class=\"text-center\">0<\/td>\n                                                <td class=\"text-center\">\n                                                            <span style=\"color: green; font-weight: bold;\">YES<\/span>\n                                                    <\/td>\n                                            <\/tr>\n                                        <tr>\n                        <td class=\"text-center\"><strong>90<\/strong><\/td>\n                        <td>Jacek<\/td>\n                        <td><strong>Burda<\/strong><\/td>\n                        <td>Polsko<\/td>\n                        <td class=\"text-center\">30.3.2026<\/td>\n                        <td class=\"text-center\">0<\/td>\n                                                <td class=\"text-center\">\n                                                            <span style=\"color: green; font-weight: bold;\">YES<\/span>\n                                                    <\/td>\n                                            <\/tr>\n                                        <tr>\n                        <td class=\"text-center\"><strong>89<\/strong><\/td>\n                        <td>Stefan<\/td>\n                        <td><strong>Grilz<\/strong><\/td>\n                        <td>N\u011bmecko<\/td>\n                        <td class=\"text-center\">29.3.2026<\/td>\n                        <td class=\"text-center\">0<\/td>\n                                                <td class=\"text-center\">\n                                                            <span style=\"color: green; font-weight: bold;\">YES<\/span>\n                                                    <\/td>\n                                            <\/tr>\n                                        <tr>\n                        <td class=\"text-center\"><strong>88<\/strong><\/td>\n                        <td>Johnny<\/td>\n                        <td><strong>Berlin<\/strong><\/td>\n                        <td>Spojen\u00e9 st\u00e1ty americk\u00e9<\/td>\n                        <td class=\"text-center\">29.3.2026<\/td>\n                        <td class=\"text-center\">1<\/td>\n                                                <td class=\"text-center\">\n                                                            <span style=\"color: red;\">NO<\/span>\n                                                    <\/td>\n                                            <\/tr>\n                                        <tr>\n                        <td class=\"text-center\"><strong>87<\/strong><\/td>\n                        <td>Thomas<\/td>\n                        <td><strong>Ryan<\/strong><\/td>\n                        <td>Irsko<\/td>\n                        <td class=\"text-center\">29.3.2026<\/td>\n                        <td class=\"text-center\">2<\/td>\n                                                <td class=\"text-center\">\n                                                            <span style=\"color: red;\">NO<\/span>\n                                                    <\/td>\n                                            <\/tr>\n                                        <tr>\n                        <td class=\"text-center\"><strong>86<\/strong><\/td>\n                        <td>Zden\u011bk<\/td>\n                        <td><strong>Han\u00e1\u010dek<\/strong><\/td>\n                        <td>Czech Republic<\/td>\n                        <td class=\"text-center\">29.3.2026<\/td>\n                        <td class=\"text-center\">0<\/td>\n                                                <td class=\"text-center\">\n                                                            <span style=\"color: green; font-weight: bold;\">YES<\/span>\n                                                    <\/td>\n                                            <\/tr>\n                                                <\/tbody>\n        <\/table>\n    <\/div>\n\n        <nav aria-label=\"Pagination\" class=\"text-center\">\n        <ul class=\"pagination\">\n            \n                                            <li class=\"active\"><a href=\"#\">1<\/a><\/li>\n                                                            <li><a href=\"\/en\/wp-json\/wp\/v2\/pages\/1156?paged_registrace=2\">2<\/a><\/li>\n                                                            <li><a href=\"\/en\/wp-json\/wp\/v2\/pages\/1156?paged_registrace=3\">3<\/a><\/li>\n                                                            <li><a href=\"\/en\/wp-json\/wp\/v2\/pages\/1156?paged_registrace=4\">4<\/a><\/li>\n                                                            <li><a href=\"\/en\/wp-json\/wp\/v2\/pages\/1156?paged_registrace=5\">5<\/a><\/li>\n                                                            <li><a href=\"\/en\/wp-json\/wp\/v2\/pages\/1156?paged_registrace=6\">6<\/a><\/li>\n                            \n                        <li>\n                <a href=\"\/en\/wp-json\/wp\/v2\/pages\/1156?paged_registrace=2\" aria-label=\"Next\">\n                    <span aria-hidden=\"true\">&raquo;<\/span>\n                <\/a>\n            <\/li>\n                    <\/ul>\n    <\/nav>\n    <\/div>","protected":false},"excerpt":{"rendered":"Country: -- All countries -- Belgie \u010cesk\u00e1 republika N\u011bmecko \u0160pan\u011blsko Francie Ma\u010farsko Irsko It\u00e1lie Polsko Rumunsko Slovensko Spojen\u00e9 st\u00e1ty americk\u00e9 Search: &nbsp; Filter Number of registrations: 104 Start No. First Name Last Name Zem\u011b Registration Date Number of Models Paid 105 Giuseppe Figliolia It\u00e1lie 31.3.2026 0 YES 104 Francesco Posa It\u00e1lie 31.3.2026 0 YES 103 [...]","protected":false},"author":1,"featured_media":0,"parent":0,"menu_order":0,"comment_status":"closed","ping_status":"closed","template":"page-nosidebar.php","meta":{"footnotes":""},"class_list":["post-1156","page","type-page","status-publish","hentry"],"_links":{"self":[{"href":"https:\/\/me2026.sam78.cz\/en\/wp-json\/wp\/v2\/pages\/1156","targetHints":{"allow":["GET"]}}],"collection":[{"href":"https:\/\/me2026.sam78.cz\/en\/wp-json\/wp\/v2\/pages"}],"about":[{"href":"https:\/\/me2026.sam78.cz\/en\/wp-json\/wp\/v2\/types\/page"}],"author":[{"embeddable":true,"href":"https:\/\/me2026.sam78.cz\/en\/wp-json\/wp\/v2\/users\/1"}],"replies":[{"embeddable":true,"href":"https:\/\/me2026.sam78.cz\/en\/wp-json\/wp\/v2\/comments?post=1156"}],"version-history":[{"count":1,"href":"https:\/\/me2026.sam78.cz\/en\/wp-json\/wp\/v2\/pages\/1156\/revisions"}],"predecessor-version":[{"id":1157,"href":"https:\/\/me2026.sam78.cz\/en\/wp-json\/wp\/v2\/pages\/1156\/revisions\/1157"}],"wp:attachment":[{"href":"https:\/\/me2026.sam78.cz\/en\/wp-json\/wp\/v2\/media?parent=1156"}],"curies":[{"name":"wp","href":"https:\/\/api.w.org\/{rel}","templated":true}]}}